{"id":424,"date":"2025-09-10T20:12:20","date_gmt":"2025-09-10T18:12:20","guid":{"rendered":"https:\/\/ombouwen2.043test.nl\/?page_id=424"},"modified":"2025-09-10T20:18:27","modified_gmt":"2025-09-10T18:18:27","slug":"unser-team","status":"publish","type":"page","link":"https:\/\/rewardmasters.com\/de\/our-team\/","title":{"rendered":"Unser Team"},"content":{"rendered":"<div data-elementor-type=\"wp-page\" data-elementor-id=\"424\" class=\"elementor elementor-424\" data-elementor-post-type=\"page\">\n\t\t\t\t<div class=\"elementor-element elementor-element-c8539f4 e-flex e-con-boxed e-con e-parent\" data-id=\"c8539f4\" data-element_type=\"container\" data-e-type=\"container\" data-settings=\"{&quot;jet_parallax_layout_list&quot;:[]}\">\n\t\t\t\t\t<div class=\"e-con-inner\">\n\t\t<div class=\"elementor-element elementor-element-f721f98 animated-slow e-con-full e-flex elementor-invisible e-con e-child\" data-id=\"f721f98\" data-element_type=\"container\" data-e-type=\"container\" data-settings=\"{&quot;animation&quot;:&quot;slideInLeft&quot;,&quot;animation_delay&quot;:100,&quot;jet_parallax_layout_list&quot;:[]}\">\n\t\t\t\t<div class=\"elementor-element elementor-element-aede90a elementor-flip-box--effect-fade elementor-widget elementor-widget-flip-box\" data-id=\"aede90a\" data-element_type=\"widget\" data-e-type=\"widget\" data-widget_type=\"flip-box.default\">\n\t\t\t\t<div class=\"elementor-widget-container\">\n\t\t\t\t\t\t\t<div class=\"elementor-flip-box\" tabindex=\"0\">\n\t\t\t<div class=\"elementor-flip-box__layer elementor-flip-box__front\">\n\t\t\t\t<div class=\"elementor-flip-box__layer__overlay\">\n\t\t\t\t\t<div class=\"elementor-flip-box__layer__inner\">\n\t\t\t\t\t\t\t\t\t\t\t\t\t<div class=\"elementor-icon-wrapper elementor-view-default\">\n\t\t\t\t\t\t\t\t<div class=\"elementor-icon\">\n\t\t\t\t\t\t\t\t\t\t\t\t\t\t\t\t\t<\/div>\n\t\t\t\t\t\t\t<\/div>\n\t\t\t\t\t\t\n\t\t\t\t\t\t\t\t\t\t\t\t\t<h3 class=\"elementor-flip-box__layer__title\">\n\t\t\t\t\t\t\t\tMardo Slaats\t\t\t\t\t\t\t<\/h3>\n\t\t\t\t\t\t\n\t\t\t\t\t\t\t\t\t\t\t\t\t<div class=\"elementor-flip-box__layer__description\">\n\t\t\t\t\t\t\t\tBelohnungsmeister\t\t\t\t\t\t\t<\/div>\n\t\t\t\t\t\t\t\t\t\t\t<\/div>\n\t\t\t\t<\/div>\n\t\t\t<\/div>\n\t\t\t<div class=\"elementor-flip-box__layer elementor-flip-box__back\">\n\t\t\t<div class=\"elementor-flip-box__layer__overlay\">\n\t\t\t\t<div class=\"elementor-flip-box__layer__inner\">\n\t\t\t\t\t\n\t\t\t\t\t\n\t\t\t\t\t\t\t\t<\/div>\n\t\t<\/div>\n\t\t<\/div>\n\t\t<\/div>\n\t\t\t\t\t\t<\/div>\n\t\t\t\t<\/div>\n\t\t\t\t<\/div>\n\t\t<div class=\"elementor-element elementor-element-a25e4e3 animated-slow e-con-full e-flex elementor-invisible e-con e-child\" data-id=\"a25e4e3\" data-element_type=\"container\" data-e-type=\"container\" data-settings=\"{&quot;animation&quot;:&quot;slideInRight&quot;,&quot;animation_delay&quot;:100,&quot;jet_parallax_layout_list&quot;:[]}\">\n\t\t\t\t<div class=\"elementor-element elementor-element-8cdaa90 elementor-widget elementor-widget-text-editor\" data-id=\"8cdaa90\" data-element_type=\"widget\" data-e-type=\"widget\" data-widget_type=\"text-editor.default\">\n\t\t\t\t<div class=\"elementor-widget-container\">\n\t\t\t\t\t\t\t\t\t<p><span style=\"color: #16152d;\">Mardo Slaats ist ein unternehmerisch denkender, erfahrener Fachmann auf dem Gebiet der globalen Entlohnung und -mobilit\u00e4t. Er hat einen Abschluss in Rechtswissenschaften und ist als Berater t\u00e4tig.<br \/><br \/><\/span><span style=\"color: #16152d;\">Als Unternehmer arbeitete er sowohl f\u00fcr Start- und Scale-ups als auch f\u00fcr weltweit f\u00fchrende multinationale Unternehmen. Es spornt ihn an, wenn er herausgefordert wird, komplexe, festgefahrene Situationen in einfache, machbare und nachhaltige L\u00f6sungen zu verwandeln.<br \/><br \/><\/span><span style=\"color: #16152d;\">Er ist davon \u00fcberzeugt, dass gr\u00fcndlich unterst\u00fctzte Entscheidungsfindungsprozesse mit Integrit\u00e4t entscheidend sind, um jede Ver\u00e4nderung zu erm\u00f6glichen. Eine transparente und effektive Kommunikation stellt sicher, dass dies von der Belegschaft angenommen wird.\u00a0 <\/span><span style=\"color: #16152d;\">Neben seinem Unternehmen hat er eine Leidenschaft f\u00fcr Sport, Architektur und verschiedene Kulturen.<\/span><\/p>\t\t\t\t\t\t\t\t<\/div>\n\t\t\t\t<\/div>\n\t\t\t\t<div class=\"elementor-element elementor-element-452a34d e-grid-align-left elementor-shape-rounded elementor-grid-0 elementor-widget elementor-widget-social-icons\" data-id=\"452a34d\" data-element_type=\"widget\" data-e-type=\"widget\" data-widget_type=\"social-icons.default\">\n\t\t\t\t<div class=\"elementor-widget-container\">\n\t\t\t\t\t\t\t<div class=\"elementor-social-icons-wrapper elementor-grid\" role=\"list\">\n\t\t\t\t\t\t\t<span class=\"elementor-grid-item\" role=\"listitem\">\n\t\t\t\t\t<a class=\"elementor-icon elementor-social-icon elementor-social-icon-linkedin elementor-animation-push elementor-repeater-item-3c04556\" href=\"https:\/\/nl.linkedin.com\/in\/mardo-slaats-1281714\" target=\"_blank\" rel=\"noopener\">\n\t\t\t\t\t\t<span class=\"elementor-screen-only\">Linkedin<\/span>\n\t\t\t\t\t\t<i aria-hidden=\"true\" class=\"fab fa-linkedin\"><\/i>\t\t\t\t\t<\/a>\n\t\t\t\t<\/span>\n\t\t\t\t\t\t\t<span class=\"elementor-grid-item\" role=\"listitem\">\n\t\t\t\t\t<a class=\"elementor-icon elementor-social-icon elementor-social-icon-envelope elementor-animation-push elementor-repeater-item-d1c4d83\" href=\"mailto:contact@rewardmasters.com\" target=\"_blank\">\n\t\t\t\t\t\t<span class=\"elementor-screen-only\">Umschlag<\/span>\n\t\t\t\t\t\t<i aria-hidden=\"true\" class=\"fas fa-envelope\"><\/i>\t\t\t\t\t<\/a>\n\t\t\t\t<\/span>\n\t\t\t\t\t<\/div>\n\t\t\t\t\t\t<\/div>\n\t\t\t\t<\/div>\n\t\t\t\t<\/div>\n\t\t\t\t\t<\/div>\n\t\t\t\t<\/div>\n\t\t<div class=\"elementor-element elementor-element-fbdce80 e-flex e-con-boxed e-con e-parent\" data-id=\"fbdce80\" data-element_type=\"container\" data-e-type=\"container\" data-settings=\"{&quot;background_background&quot;:&quot;video&quot;,&quot;background_video_link&quot;:&quot;https:\\\/\\\/rewardmasters.com\\\/wp-content\\\/uploads\\\/2020\\\/06\\\/1009952399-hd.mov&quot;,&quot;background_play_on_mobile&quot;:&quot;yes&quot;,&quot;jet_parallax_layout_list&quot;:[]}\">\n\t\t\t\t\t<div class=\"e-con-inner\">\n\t\t<div class=\"elementor-background-video-container\">\n\t\t\t\t\t\t\t<video class=\"elementor-background-video-hosted\" role=\"presentation\" autoplay muted playsinline loop><\/video>\n\t\t\t\t\t<\/div><div class=\"elementor-element elementor-element-a93165a e-con-full e-flex e-con e-child\" data-id=\"a93165a\" data-element_type=\"container\" data-e-type=\"container\" data-settings=\"{&quot;jet_parallax_layout_list&quot;:[]}\">\n\t\t\t\t<div class=\"elementor-element elementor-element-37e6d6c elementor-widget elementor-widget-heading\" data-id=\"37e6d6c\" data-element_type=\"widget\" data-e-type=\"widget\" data-widget_type=\"heading.default\">\n\t\t\t\t<div class=\"elementor-widget-container\">\n\t\t\t\t\t<h2 class=\"elementor-heading-title elementor-size-default\">Bewerben Sie sich f\u00fcr unser Team, wenn Sie es sind:\n<\/h2>\t\t\t\t<\/div>\n\t\t\t\t<\/div>\n\t\t<div class=\"elementor-element elementor-element-5459439 e-con-full e-flex e-con e-child\" data-id=\"5459439\" data-element_type=\"container\" data-e-type=\"container\" data-settings=\"{&quot;jet_parallax_layout_list&quot;:[]}\">\n\t\t<div class=\"elementor-element elementor-element-7ca2243 e-con-full e-flex e-con e-child\" data-id=\"7ca2243\" data-element_type=\"container\" data-e-type=\"container\" data-settings=\"{&quot;jet_parallax_layout_list&quot;:[]}\">\n\t\t\t\t<div class=\"elementor-element elementor-element-2659fa1 elementor-align-start elementor-icon-list--layout-traditional elementor-list-item-link-full_width elementor-widget elementor-widget-icon-list\" data-id=\"2659fa1\" data-element_type=\"widget\" data-e-type=\"widget\" data-widget_type=\"icon-list.default\">\n\t\t\t\t<div class=\"elementor-widget-container\">\n\t\t\t\t\t\t\t<ul class=\"elementor-icon-list-items\">\n\t\t\t\t\t\t\t<li class=\"elementor-icon-list-item\">\n\t\t\t\t\t\t\t\t\t\t\t<span class=\"elementor-icon-list-icon\">\n\t\t\t\t\t\t\t<svg xmlns=\"http:\/\/www.w3.org\/2000\/svg\" id=\"Layer_1\" data-name=\"Layer 1\" viewbox=\"0 0 21 21\"><defs><style>.cls-1{fill:#fff;}<\/style><\/defs><path class=\"cls-1\" d=\"M14.64,20.5H6.36L.5,14.64V6.36L6.36.5h8.28L20.5,6.36v8.28Zm-8-.63h7.76l5.49-5.49V6.62L14.38,1.13H6.62L1.13,6.62v7.76Z\"><\/path><path class=\"cls-1\" d=\"M12.88,16.26H8.12L4.74,12.88V8.12L8.12,4.74h4.76l3.38,3.38v4.76Zm-4.5-.63h4.24l3-3V8.38l-3-3H8.38l-3,3v4.24Z\"><\/path><rect class=\"cls-1\" x=\"11.34\" y=\"2.62\" width=\"4.59\" height=\"0.63\" transform=\"translate(5.7 14.41) rotate(-67.5)\"><\/rect><rect class=\"cls-1\" x=\"15.77\" y=\"7.05\" width=\"4.59\" height=\"0.63\" transform=\"translate(-1.44 7.47) rotate(-22.49)\"><\/rect><rect class=\"cls-1\" x=\"7.01\" y=\"0.64\" width=\"0.63\" height=\"4.59\" transform=\"translate(-0.57 3.03) rotate(-22.5)\"><\/rect><rect class=\"cls-1\" x=\"2.58\" y=\"5.07\" width=\"0.63\" height=\"4.59\" transform=\"translate(-5.02 7.22) rotate(-67.5)\"><\/rect><rect class=\"cls-1\" x=\"13.32\" y=\"15.75\" width=\"0.63\" height=\"4.59\" transform=\"translate(-5.87 6.59) rotate(-22.5)\"><\/rect><rect class=\"cls-1\" x=\"17.75\" y=\"11.32\" width=\"0.63\" height=\"4.59\" transform=\"translate(-1.43 25.09) rotate(-67.5)\"><\/rect><rect class=\"cls-1\" x=\"5.02\" y=\"17.73\" width=\"4.59\" height=\"0.63\" transform=\"translate(-12.15 17.9) rotate(-67.49)\"><\/rect><rect class=\"cls-1\" x=\"0.59\" y=\"13.3\" width=\"4.59\" height=\"0.63\" transform=\"translate(-4.99 2.14) rotate(-22.49)\"><\/rect><\/svg>\t\t\t\t\t\t<\/span>\n\t\t\t\t\t\t\t\t\t\t<span class=\"elementor-icon-list-text\">Analytisch, klug, kreativ und mutig<\/span>\n\t\t\t\t\t\t\t\t\t<\/li>\n\t\t\t\t\t\t\t\t<li class=\"elementor-icon-list-item\">\n\t\t\t\t\t\t\t\t\t\t\t<span class=\"elementor-icon-list-icon\">\n\t\t\t\t\t\t\t<svg xmlns=\"http:\/\/www.w3.org\/2000\/svg\" id=\"Layer_1\" data-name=\"Layer 1\" viewbox=\"0 0 21 21\"><defs><style>.cls-1{fill:#fff;}<\/style><\/defs><path class=\"cls-1\" d=\"M14.64,20.5H6.36L.5,14.64V6.36L6.36.5h8.28L20.5,6.36v8.28Zm-8-.63h7.76l5.49-5.49V6.62L14.38,1.13H6.62L1.13,6.62v7.76Z\"><\/path><path class=\"cls-1\" d=\"M12.88,16.26H8.12L4.74,12.88V8.12L8.12,4.74h4.76l3.38,3.38v4.76Zm-4.5-.63h4.24l3-3V8.38l-3-3H8.38l-3,3v4.24Z\"><\/path><rect class=\"cls-1\" x=\"11.34\" y=\"2.62\" width=\"4.59\" height=\"0.63\" transform=\"translate(5.7 14.41) rotate(-67.5)\"><\/rect><rect class=\"cls-1\" x=\"15.77\" y=\"7.05\" width=\"4.59\" height=\"0.63\" transform=\"translate(-1.44 7.47) rotate(-22.49)\"><\/rect><rect class=\"cls-1\" x=\"7.01\" y=\"0.64\" width=\"0.63\" height=\"4.59\" transform=\"translate(-0.57 3.03) rotate(-22.5)\"><\/rect><rect class=\"cls-1\" x=\"2.58\" y=\"5.07\" width=\"0.63\" height=\"4.59\" transform=\"translate(-5.02 7.22) rotate(-67.5)\"><\/rect><rect class=\"cls-1\" x=\"13.32\" y=\"15.75\" width=\"0.63\" height=\"4.59\" transform=\"translate(-5.87 6.59) rotate(-22.5)\"><\/rect><rect class=\"cls-1\" x=\"17.75\" y=\"11.32\" width=\"0.63\" height=\"4.59\" transform=\"translate(-1.43 25.09) rotate(-67.5)\"><\/rect><rect class=\"cls-1\" x=\"5.02\" y=\"17.73\" width=\"4.59\" height=\"0.63\" transform=\"translate(-12.15 17.9) rotate(-67.49)\"><\/rect><rect class=\"cls-1\" x=\"0.59\" y=\"13.3\" width=\"4.59\" height=\"0.63\" transform=\"translate(-4.99 2.14) rotate(-22.49)\"><\/rect><\/svg>\t\t\t\t\t\t<\/span>\n\t\t\t\t\t\t\t\t\t\t<span class=\"elementor-icon-list-text\">Ein unabh\u00e4ngiger Denker und offen f\u00fcr andere Ansichten<\/span>\n\t\t\t\t\t\t\t\t\t<\/li>\n\t\t\t\t\t\t\t\t<li class=\"elementor-icon-list-item\">\n\t\t\t\t\t\t\t\t\t\t\t<span class=\"elementor-icon-list-icon\">\n\t\t\t\t\t\t\t<svg xmlns=\"http:\/\/www.w3.org\/2000\/svg\" id=\"Layer_1\" data-name=\"Layer 1\" viewbox=\"0 0 21 21\"><defs><style>.cls-1{fill:#fff;}<\/style><\/defs><path class=\"cls-1\" d=\"M14.64,20.5H6.36L.5,14.64V6.36L6.36.5h8.28L20.5,6.36v8.28Zm-8-.63h7.76l5.49-5.49V6.62L14.38,1.13H6.62L1.13,6.62v7.76Z\"><\/path><path class=\"cls-1\" d=\"M12.88,16.26H8.12L4.74,12.88V8.12L8.12,4.74h4.76l3.38,3.38v4.76Zm-4.5-.63h4.24l3-3V8.38l-3-3H8.38l-3,3v4.24Z\"><\/path><rect class=\"cls-1\" x=\"11.34\" y=\"2.62\" width=\"4.59\" height=\"0.63\" transform=\"translate(5.7 14.41) rotate(-67.5)\"><\/rect><rect class=\"cls-1\" x=\"15.77\" y=\"7.05\" width=\"4.59\" height=\"0.63\" transform=\"translate(-1.44 7.47) rotate(-22.49)\"><\/rect><rect class=\"cls-1\" x=\"7.01\" y=\"0.64\" width=\"0.63\" height=\"4.59\" transform=\"translate(-0.57 3.03) rotate(-22.5)\"><\/rect><rect class=\"cls-1\" x=\"2.58\" y=\"5.07\" width=\"0.63\" height=\"4.59\" transform=\"translate(-5.02 7.22) rotate(-67.5)\"><\/rect><rect class=\"cls-1\" x=\"13.32\" y=\"15.75\" width=\"0.63\" height=\"4.59\" transform=\"translate(-5.87 6.59) rotate(-22.5)\"><\/rect><rect class=\"cls-1\" x=\"17.75\" y=\"11.32\" width=\"0.63\" height=\"4.59\" transform=\"translate(-1.43 25.09) rotate(-67.5)\"><\/rect><rect class=\"cls-1\" x=\"5.02\" y=\"17.73\" width=\"4.59\" height=\"0.63\" transform=\"translate(-12.15 17.9) rotate(-67.49)\"><\/rect><rect class=\"cls-1\" x=\"0.59\" y=\"13.3\" width=\"4.59\" height=\"0.63\" transform=\"translate(-4.99 2.14) rotate(-22.49)\"><\/rect><\/svg>\t\t\t\t\t\t<\/span>\n\t\t\t\t\t\t\t\t\t\t<span class=\"elementor-icon-list-text\">Selbst\u00e4ndigkeit und Freude an der Arbeit im Team<\/span>\n\t\t\t\t\t\t\t\t\t<\/li>\n\t\t\t\t\t\t\t\t<li class=\"elementor-icon-list-item\">\n\t\t\t\t\t\t\t\t\t\t\t<span class=\"elementor-icon-list-icon\">\n\t\t\t\t\t\t\t<svg xmlns=\"http:\/\/www.w3.org\/2000\/svg\" id=\"Layer_1\" data-name=\"Layer 1\" viewbox=\"0 0 21 21\"><defs><style>.cls-1{fill:#fff;}<\/style><\/defs><path class=\"cls-1\" d=\"M14.64,20.5H6.36L.5,14.64V6.36L6.36.5h8.28L20.5,6.36v8.28Zm-8-.63h7.76l5.49-5.49V6.62L14.38,1.13H6.62L1.13,6.62v7.76Z\"><\/path><path class=\"cls-1\" d=\"M12.88,16.26H8.12L4.74,12.88V8.12L8.12,4.74h4.76l3.38,3.38v4.76Zm-4.5-.63h4.24l3-3V8.38l-3-3H8.38l-3,3v4.24Z\"><\/path><rect class=\"cls-1\" x=\"11.34\" y=\"2.62\" width=\"4.59\" height=\"0.63\" transform=\"translate(5.7 14.41) rotate(-67.5)\"><\/rect><rect class=\"cls-1\" x=\"15.77\" y=\"7.05\" width=\"4.59\" height=\"0.63\" transform=\"translate(-1.44 7.47) rotate(-22.49)\"><\/rect><rect class=\"cls-1\" x=\"7.01\" y=\"0.64\" width=\"0.63\" height=\"4.59\" transform=\"translate(-0.57 3.03) rotate(-22.5)\"><\/rect><rect class=\"cls-1\" x=\"2.58\" y=\"5.07\" width=\"0.63\" height=\"4.59\" transform=\"translate(-5.02 7.22) rotate(-67.5)\"><\/rect><rect class=\"cls-1\" x=\"13.32\" y=\"15.75\" width=\"0.63\" height=\"4.59\" transform=\"translate(-5.87 6.59) rotate(-22.5)\"><\/rect><rect class=\"cls-1\" x=\"17.75\" y=\"11.32\" width=\"0.63\" height=\"4.59\" transform=\"translate(-1.43 25.09) rotate(-67.5)\"><\/rect><rect class=\"cls-1\" x=\"5.02\" y=\"17.73\" width=\"4.59\" height=\"0.63\" transform=\"translate(-12.15 17.9) rotate(-67.49)\"><\/rect><rect class=\"cls-1\" x=\"0.59\" y=\"13.3\" width=\"4.59\" height=\"0.63\" transform=\"translate(-4.99 2.14) rotate(-22.49)\"><\/rect><\/svg>\t\t\t\t\t\t<\/span>\n\t\t\t\t\t\t\t\t\t\t<span class=\"elementor-icon-list-text\">Sie sind motiviert, Ihre besten F\u00e4higkeiten f\u00fcr Ihre Kunden einzusetzen.<\/span>\n\t\t\t\t\t\t\t\t\t<\/li>\n\t\t\t\t\t\t\t\t<li class=\"elementor-icon-list-item\">\n\t\t\t\t\t\t\t\t\t\t\t<span class=\"elementor-icon-list-icon\">\n\t\t\t\t\t\t\t<svg xmlns=\"http:\/\/www.w3.org\/2000\/svg\" id=\"Layer_1\" data-name=\"Layer 1\" viewbox=\"0 0 21 21\"><defs><style>.cls-1{fill:#fff;}<\/style><\/defs><path class=\"cls-1\" d=\"M14.64,20.5H6.36L.5,14.64V6.36L6.36.5h8.28L20.5,6.36v8.28Zm-8-.63h7.76l5.49-5.49V6.62L14.38,1.13H6.62L1.13,6.62v7.76Z\"><\/path><path class=\"cls-1\" d=\"M12.88,16.26H8.12L4.74,12.88V8.12L8.12,4.74h4.76l3.38,3.38v4.76Zm-4.5-.63h4.24l3-3V8.38l-3-3H8.38l-3,3v4.24Z\"><\/path><rect class=\"cls-1\" x=\"11.34\" y=\"2.62\" width=\"4.59\" height=\"0.63\" transform=\"translate(5.7 14.41) rotate(-67.5)\"><\/rect><rect class=\"cls-1\" x=\"15.77\" y=\"7.05\" width=\"4.59\" height=\"0.63\" transform=\"translate(-1.44 7.47) rotate(-22.49)\"><\/rect><rect class=\"cls-1\" x=\"7.01\" y=\"0.64\" width=\"0.63\" height=\"4.59\" transform=\"translate(-0.57 3.03) rotate(-22.5)\"><\/rect><rect class=\"cls-1\" x=\"2.58\" y=\"5.07\" width=\"0.63\" height=\"4.59\" transform=\"translate(-5.02 7.22) rotate(-67.5)\"><\/rect><rect class=\"cls-1\" x=\"13.32\" y=\"15.75\" width=\"0.63\" height=\"4.59\" transform=\"translate(-5.87 6.59) rotate(-22.5)\"><\/rect><rect class=\"cls-1\" x=\"17.75\" y=\"11.32\" width=\"0.63\" height=\"4.59\" transform=\"translate(-1.43 25.09) rotate(-67.5)\"><\/rect><rect class=\"cls-1\" x=\"5.02\" y=\"17.73\" width=\"4.59\" height=\"0.63\" transform=\"translate(-12.15 17.9) rotate(-67.49)\"><\/rect><rect class=\"cls-1\" x=\"0.59\" y=\"13.3\" width=\"4.59\" height=\"0.63\" transform=\"translate(-4.99 2.14) rotate(-22.49)\"><\/rect><\/svg>\t\t\t\t\t\t<\/span>\n\t\t\t\t\t\t\t\t\t\t<span class=\"elementor-icon-list-text\">Sie k\u00f6nnen flexibel und auf die f\u00fcr die Kunden am besten geeignete Weise arbeiten.<\/span>\n\t\t\t\t\t\t\t\t\t<\/li>\n\t\t\t\t\t\t\t\t<li class=\"elementor-icon-list-item\">\n\t\t\t\t\t\t\t\t\t\t\t<span class=\"elementor-icon-list-icon\">\n\t\t\t\t\t\t\t<svg xmlns=\"http:\/\/www.w3.org\/2000\/svg\" id=\"Layer_1\" data-name=\"Layer 1\" viewbox=\"0 0 21 21\"><defs><style>.cls-1{fill:#fff;}<\/style><\/defs><path class=\"cls-1\" d=\"M14.64,20.5H6.36L.5,14.64V6.36L6.36.5h8.28L20.5,6.36v8.28Zm-8-.63h7.76l5.49-5.49V6.62L14.38,1.13H6.62L1.13,6.62v7.76Z\"><\/path><path class=\"cls-1\" d=\"M12.88,16.26H8.12L4.74,12.88V8.12L8.12,4.74h4.76l3.38,3.38v4.76Zm-4.5-.63h4.24l3-3V8.38l-3-3H8.38l-3,3v4.24Z\"><\/path><rect class=\"cls-1\" x=\"11.34\" y=\"2.62\" width=\"4.59\" height=\"0.63\" transform=\"translate(5.7 14.41) rotate(-67.5)\"><\/rect><rect class=\"cls-1\" x=\"15.77\" y=\"7.05\" width=\"4.59\" height=\"0.63\" transform=\"translate(-1.44 7.47) rotate(-22.49)\"><\/rect><rect class=\"cls-1\" x=\"7.01\" y=\"0.64\" width=\"0.63\" height=\"4.59\" transform=\"translate(-0.57 3.03) rotate(-22.5)\"><\/rect><rect class=\"cls-1\" x=\"2.58\" y=\"5.07\" width=\"0.63\" height=\"4.59\" transform=\"translate(-5.02 7.22) rotate(-67.5)\"><\/rect><rect class=\"cls-1\" x=\"13.32\" y=\"15.75\" width=\"0.63\" height=\"4.59\" transform=\"translate(-5.87 6.59) rotate(-22.5)\"><\/rect><rect class=\"cls-1\" x=\"17.75\" y=\"11.32\" width=\"0.63\" height=\"4.59\" transform=\"translate(-1.43 25.09) rotate(-67.5)\"><\/rect><rect class=\"cls-1\" x=\"5.02\" y=\"17.73\" width=\"4.59\" height=\"0.63\" transform=\"translate(-12.15 17.9) rotate(-67.49)\"><\/rect><rect class=\"cls-1\" x=\"0.59\" y=\"13.3\" width=\"4.59\" height=\"0.63\" transform=\"translate(-4.99 2.14) rotate(-22.49)\"><\/rect><\/svg>\t\t\t\t\t\t<\/span>\n\t\t\t\t\t\t\t\t\t\t<span class=\"elementor-icon-list-text\">Energetisch, offen, direkt und professionell<\/span>\n\t\t\t\t\t\t\t\t\t<\/li>\n\t\t\t\t\t\t\t\t<li class=\"elementor-icon-list-item\">\n\t\t\t\t\t\t\t\t\t\t\t<span class=\"elementor-icon-list-icon\">\n\t\t\t\t\t\t\t<svg xmlns=\"http:\/\/www.w3.org\/2000\/svg\" id=\"Layer_1\" data-name=\"Layer 1\" viewbox=\"0 0 21 21\"><defs><style>.cls-1{fill:#fff;}<\/style><\/defs><path class=\"cls-1\" d=\"M14.64,20.5H6.36L.5,14.64V6.36L6.36.5h8.28L20.5,6.36v8.28Zm-8-.63h7.76l5.49-5.49V6.62L14.38,1.13H6.62L1.13,6.62v7.76Z\"><\/path><path class=\"cls-1\" d=\"M12.88,16.26H8.12L4.74,12.88V8.12L8.12,4.74h4.76l3.38,3.38v4.76Zm-4.5-.63h4.24l3-3V8.38l-3-3H8.38l-3,3v4.24Z\"><\/path><rect class=\"cls-1\" x=\"11.34\" y=\"2.62\" width=\"4.59\" height=\"0.63\" transform=\"translate(5.7 14.41) rotate(-67.5)\"><\/rect><rect class=\"cls-1\" x=\"15.77\" y=\"7.05\" width=\"4.59\" height=\"0.63\" transform=\"translate(-1.44 7.47) rotate(-22.49)\"><\/rect><rect class=\"cls-1\" x=\"7.01\" y=\"0.64\" width=\"0.63\" height=\"4.59\" transform=\"translate(-0.57 3.03) rotate(-22.5)\"><\/rect><rect class=\"cls-1\" x=\"2.58\" y=\"5.07\" width=\"0.63\" height=\"4.59\" transform=\"translate(-5.02 7.22) rotate(-67.5)\"><\/rect><rect class=\"cls-1\" x=\"13.32\" y=\"15.75\" width=\"0.63\" height=\"4.59\" transform=\"translate(-5.87 6.59) rotate(-22.5)\"><\/rect><rect class=\"cls-1\" x=\"17.75\" y=\"11.32\" width=\"0.63\" height=\"4.59\" transform=\"translate(-1.43 25.09) rotate(-67.5)\"><\/rect><rect class=\"cls-1\" x=\"5.02\" y=\"17.73\" width=\"4.59\" height=\"0.63\" transform=\"translate(-12.15 17.9) rotate(-67.49)\"><\/rect><rect class=\"cls-1\" x=\"0.59\" y=\"13.3\" width=\"4.59\" height=\"0.63\" transform=\"translate(-4.99 2.14) rotate(-22.49)\"><\/rect><\/svg>\t\t\t\t\t\t<\/span>\n\t\t\t\t\t\t\t\t\t\t<span class=\"elementor-icon-list-text\">Unternehmerisches Denken und die F\u00e4higkeit, Verantwortung und Einnahmen zu teilen<\/span>\n\t\t\t\t\t\t\t\t\t<\/li>\n\t\t\t\t\t\t\t\t<li class=\"elementor-icon-list-item\">\n\t\t\t\t\t\t\t\t\t\t\t<span class=\"elementor-icon-list-icon\">\n\t\t\t\t\t\t\t<svg xmlns=\"http:\/\/www.w3.org\/2000\/svg\" id=\"Layer_1\" data-name=\"Layer 1\" viewbox=\"0 0 21 21\"><defs><style>.cls-1{fill:#fff;}<\/style><\/defs><path class=\"cls-1\" d=\"M14.64,20.5H6.36L.5,14.64V6.36L6.36.5h8.28L20.5,6.36v8.28Zm-8-.63h7.76l5.49-5.49V6.62L14.38,1.13H6.62L1.13,6.62v7.76Z\"><\/path><path class=\"cls-1\" d=\"M12.88,16.26H8.12L4.74,12.88V8.12L8.12,4.74h4.76l3.38,3.38v4.76Zm-4.5-.63h4.24l3-3V8.38l-3-3H8.38l-3,3v4.24Z\"><\/path><rect class=\"cls-1\" x=\"11.34\" y=\"2.62\" width=\"4.59\" height=\"0.63\" transform=\"translate(5.7 14.41) rotate(-67.5)\"><\/rect><rect class=\"cls-1\" x=\"15.77\" y=\"7.05\" width=\"4.59\" height=\"0.63\" transform=\"translate(-1.44 7.47) rotate(-22.49)\"><\/rect><rect class=\"cls-1\" x=\"7.01\" y=\"0.64\" width=\"0.63\" height=\"4.59\" transform=\"translate(-0.57 3.03) rotate(-22.5)\"><\/rect><rect class=\"cls-1\" x=\"2.58\" y=\"5.07\" width=\"0.63\" height=\"4.59\" transform=\"translate(-5.02 7.22) rotate(-67.5)\"><\/rect><rect class=\"cls-1\" x=\"13.32\" y=\"15.75\" width=\"0.63\" height=\"4.59\" transform=\"translate(-5.87 6.59) rotate(-22.5)\"><\/rect><rect class=\"cls-1\" x=\"17.75\" y=\"11.32\" width=\"0.63\" height=\"4.59\" transform=\"translate(-1.43 25.09) rotate(-67.5)\"><\/rect><rect class=\"cls-1\" x=\"5.02\" y=\"17.73\" width=\"4.59\" height=\"0.63\" transform=\"translate(-12.15 17.9) rotate(-67.49)\"><\/rect><rect class=\"cls-1\" x=\"0.59\" y=\"13.3\" width=\"4.59\" height=\"0.63\" transform=\"translate(-4.99 2.14) rotate(-22.49)\"><\/rect><\/svg>\t\t\t\t\t\t<\/span>\n\t\t\t\t\t\t\t\t\t\t<span class=\"elementor-icon-list-text\">Bereit, sich als engagierter Reward Master weiterzuentwickeln<\/span>\n\t\t\t\t\t\t\t\t\t<\/li>\n\t\t\t\t\t\t<\/ul>\n\t\t\t\t\t\t<\/div>\n\t\t\t\t<\/div>\n\t\t\t\t<\/div>\n\t\t\t\t<\/div>\n\t\t\t\t<\/div>\n\t\t\t\t\t<\/div>\n\t\t\t\t<\/div>\n\t\t\t\t<\/div>","protected":false},"excerpt":{"rendered":"<p>Mardo Slaats Reward Master Mardo Slaats is an entrepreneurial, seasoned professional in the field of global reward and -mobility. He has a legal degree and a consultancy background. As contractor he worked for start- and scale-ups as well as for worlds\u2019 leading multinationals. It energizes him when he is challenged to transform complex, jammed situations [&hellip;]<\/p>\n","protected":false},"author":1,"featured_media":0,"parent":0,"menu_order":0,"comment_status":"closed","ping_status":"closed","template":"","meta":{"footnotes":""},"class_list":["post-424","page","type-page","status-publish","hentry"],"_links":{"self":[{"href":"https:\/\/rewardmasters.com\/de\/wp-json\/wp\/v2\/pages\/424","targetHints":{"allow":["GET"]}}],"collection":[{"href":"https:\/\/rewardmasters.com\/de\/wp-json\/wp\/v2\/pages"}],"about":[{"href":"https:\/\/rewardmasters.com\/de\/wp-json\/wp\/v2\/types\/page"}],"author":[{"embeddable":true,"href":"https:\/\/rewardmasters.com\/de\/wp-json\/wp\/v2\/users\/1"}],"replies":[{"embeddable":true,"href":"https:\/\/rewardmasters.com\/de\/wp-json\/wp\/v2\/comments?post=424"}],"version-history":[{"count":5,"href":"https:\/\/rewardmasters.com\/de\/wp-json\/wp\/v2\/pages\/424\/revisions"}],"predecessor-version":[{"id":433,"href":"https:\/\/rewardmasters.com\/de\/wp-json\/wp\/v2\/pages\/424\/revisions\/433"}],"wp:attachment":[{"href":"https:\/\/rewardmasters.com\/de\/wp-json\/wp\/v2\/media?parent=424"}],"curies":[{"name":"wp","href":"https:\/\/api.w.org\/{rel}","templated":true}]}}